{"id":10,"date":"2023-12-14T17:01:00","date_gmt":"2023-12-14T17:01:00","guid":{"rendered":"https:\/\/renovaciondecarnet.es\/?page_id=10"},"modified":"2025-03-07T11:51:59","modified_gmt":"2025-03-07T10:51:59","slug":"politica-de-privacidad","status":"publish","type":"page","link":"https:\/\/renovaciondecarnet.es\/ca\/politica-de-privacidad\/","title":{"rendered":"Pol\u00edtica de privadesa"},"content":{"rendered":"<h2 class=\"wp-block-heading\">1.- INFORMACI\u00d3 A L&#039;USUARI<\/h2>\n\n\n\n<p>El lloc web informa els usuaris del lloc web sobre la seva pol\u00edtica respecte al tractament i la protecci\u00f3 de les dades de car\u00e0cter personal dels usuaris i clients que puguin ser sol\u00b7licitats per la navegaci\u00f3 a trav\u00e9s del seu lloc web.<\/p>\n\n\n\n<p>El lloc web \u00e9s el Responsable del tractament de les dades personals de l&#039;usuari, per la qual cosa se us facilita la seg\u00fcent informaci\u00f3 referent al tractament de les vostres dades:<\/p>\n\n\n\n<p><strong>Criteris de conservaci\u00f3 de les dades<\/strong>&nbsp;: Les dades personals proporcionades es conservaran fins que no se sol\u00b7liciti la suspensi\u00f3 per part de l&#039;interessat, exercint els seus drets sobre les dades, i en qualsevol cas en compliment de terminis legals de prescripci\u00f3 que li siguin aplicables.<\/p>\n\n\n\n<p><strong>Drets dels interessats<\/strong>&nbsp;:<\/p>\n\n\n\n<ul class=\"wp-block-list\">\n<li>Dret a retirar-ne el consentiment en qualsevol moment.<\/li>\n\n\n\n<li>Dret d&#039;acc\u00e9s, rectificaci\u00f3, supressi\u00f3, portabilitat de les vostres dades ia la limitaci\u00f3 o oposici\u00f3 del vostre tractament, aix\u00ed com no ser objecte de decisions individuals automatitzades.<\/li>\n<\/ul>\n\n\n\n<p><strong>Dades de contacte per exercir els vostres drets<\/strong>&nbsp;:<\/p>\n\n\n\n<p>Cal identificar degudament i sol\u00b7licitar clarament el dret dexercir.<\/p>\n\n\n\n<ul class=\"wp-block-list\">\n<li><strong>Nom<\/strong>: RECONEIXEMENTS EGARA SA<\/li>\n\n\n\n<li><strong>Direcci\u00f3<\/strong>: Arquimedes 100, 08224 Terrassa (BCN)<\/li>\n\n\n\n<li><strong>Tel\u00e8fon<\/strong>: +34 93 780 45 13<\/li>\n\n\n\n<li><strong>Mail<\/strong>: info@reconeixementsegara.com<\/li>\n<\/ul>\n\n\n\n<h2 class=\"wp-block-heading\">2.- INFORMACI\u00d3 FACILITADA PER L&#039;USUARI<\/h2>\n\n\n\n<p>Si \u00e9s menor de 18 anys no es permet l&#039;\u00fas de formularis a la nostra web.<\/p>\n\n\n\n<p>Els Usuaris, introduint les seves dades als formularis de contacte o presentats en formularis de desc\u00e0rrega, accepten expressament i de forma lliure i inequ\u00edvoca, que les seves dades s\u00f3n necess\u00e0ries per atendre la seva petici\u00f3, per part del Responsable, sent volunt\u00e0ria la inclusi\u00f3 de dades als camps restants.<\/p>\n\n\n\n<p>L&#039;Usuari garanteix que les dades personals facilitades s\u00f3n veraces i es fa responsable de comunicar qualsevol modificaci\u00f3.<\/p>\n\n\n\n<p>Totes les dades sol\u00b7licitades a trav\u00e9s del lloc web s\u00f3n necess\u00e0ries per prestar un servei \u00f2ptim a l&#039;Usuari. En cas que no siguin facilitades totes les dades, no es garanteix que la informaci\u00f3 i els serveis que El Responsable li faciliti, siguin completament ajustats a les seves necessitats.<\/p>\n\n\n\n<h2 class=\"wp-block-heading\">3.- MESURES DE SEGURETAT<\/h2>\n\n\n\n<p>Que de conformitat amb el que disposen les normatives vigents en mat\u00e8ria de protecci\u00f3 de dades personals, El Responsable est\u00e0 complint amb totes les disposicions de les normatives RGPD i LOPD per al tractament de les dades personals de la seva responsabilitat, les quals s\u00f3n tractades de forma l\u00edcita, lleial i transparent en relaci\u00f3 amb linteressat i adequats, pertinents i limitats al que s\u00f3n necessaris en relaci\u00f3 amb els fins.<\/p>\n\n\n\n<p>El Responsable garanteix que ha implementat pol\u00edtiques t\u00e8cniques i organitzatives apropiades per aplicar les mesures de seguretat que estableixen el RGPD i la LOPD per protegir els drets i les llibertats dels Usuaris i els ha comunicat la informaci\u00f3 adequada perqu\u00e8 puguin exercir-los.<\/p>\n\n\n\n<h2 class=\"wp-block-heading\">4.- BRETXES DE SEGURETAT<\/h2>\n\n\n\n<p>El Responsable informar\u00e0 sobre qualsevol bretxa de seguretat que afecti la base de dades que utilitza aquest lloc web, o que afecti qualsevol dels nostres serveis de tercers, totes i cadascuna de les persones, dades de qu\u00e8 puguin haver estat afectats, i autoritats, dins de les 72 hores seg\u00fcents a la detecci\u00f3 de la bretxa.<\/p>\n\n\n\n<h2 class=\"wp-block-heading\">LEGISLACI\u00d3 APLICABLE I JURISDICCI\u00d3<\/h2>\n\n\n\n<p>Per a la resoluci\u00f3 de totes les controv\u00e8rsies o q\u00fcestions relacionades amb aquest lloc web o de les activitats que es desenvolupin, ser\u00e0 daplicaci\u00f3 la legislaci\u00f3 espanyola, a la qual se sotmeten expressament les parts, sent competents per a la resoluci\u00f3 de tots els conflictes derivats o relacionats amb l\u00fas dels Jutjats i Tribunals de Barcelona.<\/p>","protected":false},"excerpt":{"rendered":"<p>1.- INFORMACI\u00d3N AL USUARIO El sitio web informa a los usuarios del sitio web sobre su pol\u00edtica respecto al tratamiento y protecci\u00f3n de los datos de car\u00e1cter personal de los usuarios y clientes que puedan ser solicitados por la navegaci\u00f3n a trav\u00e9s de su sitio web. El sitio web es el Responsable del tratamiento de&#8230;<\/p>","protected":false},"author":1,"featured_media":0,"parent":0,"menu_order":9,"comment_status":"closed","ping_status":"closed","template":"","meta":{"_kad_blocks_custom_css":"","_kad_blocks_head_custom_js":"","_kad_blocks_body_custom_js":"","_kad_blocks_footer_custom_js":"","_kad_post_transparent":"","_kad_post_title":"","_kad_post_layout":"narrow","_kad_post_sidebar_id":"","_kad_post_content_style":"","_kad_post_vertical_padding":"","_kad_post_feature":"","_kad_post_feature_position":"","_kad_post_header":false,"_kad_post_footer":false,"_joinchat":[],"footnotes":""},"class_list":["post-10","page","type-page","status-publish","hentry"],"yoast_head":"<!-- This site is optimized with the Yoast SEO plugin v26.1.1 - https:\/\/yoast.com\/wordpress\/plugins\/seo\/ -->\n<title>Pol\u00edtica de privacidad - Centro m\u00e9dico Reconeixements Egara<\/title>\n<meta name=\"robots\" content=\"index, follow, max-snippet:-1, max-image-preview:large, max-video-preview:-1\" \/>\n<link rel=\"canonical\" href=\"https:\/\/renovaciondecarnet.es\/ca\/politica-de-privacidad\/\" \/>\n<meta property=\"og:locale\" content=\"ca_ES\" \/>\n<meta property=\"og:type\" content=\"article\" \/>\n<meta property=\"og:title\" content=\"Pol\u00edtica de privacidad - Centro m\u00e9dico Reconeixements Egara\" \/>\n<meta property=\"og:description\" content=\"1.- INFORMACI\u00d3N AL USUARIO El sitio web informa a los usuarios del sitio web sobre su pol\u00edtica respecto al tratamiento y protecci\u00f3n de los datos de car\u00e1cter personal de los usuarios y clientes que puedan ser solicitados por la navegaci\u00f3n a trav\u00e9s de su sitio web. El sitio web es el Responsable del tratamiento de...\" \/>\n<meta property=\"og:url\" content=\"https:\/\/renovaciondecarnet.es\/ca\/politica-de-privacidad\/\" \/>\n<meta property=\"og:site_name\" content=\"Centro m\u00e9dico Reconeixements Egara\" \/>\n<meta property=\"article:modified_time\" content=\"2025-03-07T10:51:59+00:00\" \/>\n<meta name=\"twitter:card\" content=\"summary_large_image\" \/>\n<meta name=\"twitter:label1\" content=\"Temps estimat de lectura\" \/>\n\t<meta name=\"twitter:data1\" content=\"3 minuts\" \/>\n<script type=\"application\/ld+json\" class=\"yoast-schema-graph\">{\"@context\":\"https:\/\/schema.org\",\"@graph\":[{\"@type\":\"WebPage\",\"@id\":\"https:\/\/renovaciondecarnet.es\/politica-de-privacidad\/\",\"url\":\"https:\/\/renovaciondecarnet.es\/politica-de-privacidad\/\",\"name\":\"Pol\u00edtica de privacidad - Centro m\u00e9dico Reconeixements Egara\",\"isPartOf\":{\"@id\":\"https:\/\/renovaciondecarnet.es\/#website\"},\"datePublished\":\"2023-12-14T17:01:00+00:00\",\"dateModified\":\"2025-03-07T10:51:59+00:00\",\"breadcrumb\":{\"@id\":\"https:\/\/renovaciondecarnet.es\/politica-de-privacidad\/#breadcrumb\"},\"inLanguage\":\"ca\",\"potentialAction\":[{\"@type\":\"ReadAction\",\"target\":[\"https:\/\/renovaciondecarnet.es\/politica-de-privacidad\/\"]}]},{\"@type\":\"BreadcrumbList\",\"@id\":\"https:\/\/renovaciondecarnet.es\/politica-de-privacidad\/#breadcrumb\",\"itemListElement\":[{\"@type\":\"ListItem\",\"position\":1,\"name\":\"Portada\",\"item\":\"https:\/\/renovaciondecarnet.es\/\"},{\"@type\":\"ListItem\",\"position\":2,\"name\":\"Pol\u00edtica de privacidad\"}]},{\"@type\":\"WebSite\",\"@id\":\"https:\/\/renovaciondecarnet.es\/#website\",\"url\":\"https:\/\/renovaciondecarnet.es\/\",\"name\":\"Centro m\u00e9dico Reconeixements Egara\",\"description\":\"Renovaci\u00f3n del Carnet de Conducir en Terrassa\",\"publisher\":{\"@id\":\"https:\/\/renovaciondecarnet.es\/#organization\"},\"potentialAction\":[{\"@type\":\"SearchAction\",\"target\":{\"@type\":\"EntryPoint\",\"urlTemplate\":\"https:\/\/renovaciondecarnet.es\/?s={search_term_string}\"},\"query-input\":{\"@type\":\"PropertyValueSpecification\",\"valueRequired\":true,\"valueName\":\"search_term_string\"}}],\"inLanguage\":\"ca\"},{\"@type\":\"Organization\",\"@id\":\"https:\/\/renovaciondecarnet.es\/#organization\",\"name\":\"Centro m\u00e9dico Reconeixements Egara\",\"url\":\"https:\/\/renovaciondecarnet.es\/\",\"logo\":{\"@type\":\"ImageObject\",\"inLanguage\":\"ca\",\"@id\":\"https:\/\/renovaciondecarnet.es\/#\/schema\/logo\/image\/\",\"url\":\"https:\/\/renovaciondecarnet.es\/wp-content\/uploads\/2025\/02\/logo.png\",\"contentUrl\":\"https:\/\/renovaciondecarnet.es\/wp-content\/uploads\/2025\/02\/logo.png\",\"width\":289,\"height\":68,\"caption\":\"Centro m\u00e9dico Reconeixements Egara\"},\"image\":{\"@id\":\"https:\/\/renovaciondecarnet.es\/#\/schema\/logo\/image\/\"}}]}<\/script>\n<!-- \/ Yoast SEO plugin. -->","yoast_head_json":{"title":"Pol\u00edtica de privacidad - Centro m\u00e9dico Reconeixements Egara","robots":{"index":"index","follow":"follow","max-snippet":"max-snippet:-1","max-image-preview":"max-image-preview:large","max-video-preview":"max-video-preview:-1"},"canonical":"https:\/\/renovaciondecarnet.es\/ca\/politica-de-privacidad\/","og_locale":"ca_ES","og_type":"article","og_title":"Pol\u00edtica de privacidad - Centro m\u00e9dico Reconeixements Egara","og_description":"1.- INFORMACI\u00d3N AL USUARIO El sitio web informa a los usuarios del sitio web sobre su pol\u00edtica respecto al tratamiento y protecci\u00f3n de los datos de car\u00e1cter personal de los usuarios y clientes que puedan ser solicitados por la navegaci\u00f3n a trav\u00e9s de su sitio web. El sitio web es el Responsable del tratamiento de...","og_url":"https:\/\/renovaciondecarnet.es\/ca\/politica-de-privacidad\/","og_site_name":"Centro m\u00e9dico Reconeixements Egara","article_modified_time":"2025-03-07T10:51:59+00:00","twitter_card":"summary_large_image","twitter_misc":{"Temps estimat de lectura":"3 minuts"},"schema":{"@context":"https:\/\/schema.org","@graph":[{"@type":"WebPage","@id":"https:\/\/renovaciondecarnet.es\/politica-de-privacidad\/","url":"https:\/\/renovaciondecarnet.es\/politica-de-privacidad\/","name":"Pol\u00edtica de privacidad - Centro m\u00e9dico Reconeixements Egara","isPartOf":{"@id":"https:\/\/renovaciondecarnet.es\/#website"},"datePublished":"2023-12-14T17:01:00+00:00","dateModified":"2025-03-07T10:51:59+00:00","breadcrumb":{"@id":"https:\/\/renovaciondecarnet.es\/politica-de-privacidad\/#breadcrumb"},"inLanguage":"ca","potentialAction":[{"@type":"ReadAction","target":["https:\/\/renovaciondecarnet.es\/politica-de-privacidad\/"]}]},{"@type":"BreadcrumbList","@id":"https:\/\/renovaciondecarnet.es\/politica-de-privacidad\/#breadcrumb","itemListElement":[{"@type":"ListItem","position":1,"name":"Portada","item":"https:\/\/renovaciondecarnet.es\/"},{"@type":"ListItem","position":2,"name":"Pol\u00edtica de privacidad"}]},{"@type":"WebSite","@id":"https:\/\/renovaciondecarnet.es\/#website","url":"https:\/\/renovaciondecarnet.es\/","name":"Centre m\u00e8dic Reconeixements Egara","description":"Renovaci\u00f3 del Carnet de Conduir a Terrassa","publisher":{"@id":"https:\/\/renovaciondecarnet.es\/#organization"},"potentialAction":[{"@type":"SearchAction","target":{"@type":"EntryPoint","urlTemplate":"https:\/\/renovaciondecarnet.es\/?s={search_term_string}"},"query-input":{"@type":"PropertyValueSpecification","valueRequired":true,"valueName":"search_term_string"}}],"inLanguage":"ca"},{"@type":"Organization","@id":"https:\/\/renovaciondecarnet.es\/#organization","name":"Centre m\u00e8dic Reconeixements Egara","url":"https:\/\/renovaciondecarnet.es\/","logo":{"@type":"ImageObject","inLanguage":"ca","@id":"https:\/\/renovaciondecarnet.es\/#\/schema\/logo\/image\/","url":"https:\/\/renovaciondecarnet.es\/wp-content\/uploads\/2025\/02\/logo.png","contentUrl":"https:\/\/renovaciondecarnet.es\/wp-content\/uploads\/2025\/02\/logo.png","width":289,"height":68,"caption":"Centro m\u00e9dico Reconeixements Egara"},"image":{"@id":"https:\/\/renovaciondecarnet.es\/#\/schema\/logo\/image\/"}}]}},"taxonomy_info":[],"featured_image_src_large":false,"author_info":{"display_name":"eloi","author_link":"https:\/\/renovaciondecarnet.es\/ca\/author\/eloi\/"},"comment_info":0,"_links":{"self":[{"href":"https:\/\/renovaciondecarnet.es\/ca\/wp-json\/wp\/v2\/pages\/10","targetHints":{"allow":["GET"]}}],"collection":[{"href":"https:\/\/renovaciondecarnet.es\/ca\/wp-json\/wp\/v2\/pages"}],"about":[{"href":"https:\/\/renovaciondecarnet.es\/ca\/wp-json\/wp\/v2\/types\/page"}],"author":[{"embeddable":true,"href":"https:\/\/renovaciondecarnet.es\/ca\/wp-json\/wp\/v2\/users\/1"}],"replies":[{"embeddable":true,"href":"https:\/\/renovaciondecarnet.es\/ca\/wp-json\/wp\/v2\/comments?post=10"}],"version-history":[{"count":3,"href":"https:\/\/renovaciondecarnet.es\/ca\/wp-json\/wp\/v2\/pages\/10\/revisions"}],"predecessor-version":[{"id":2985,"href":"https:\/\/renovaciondecarnet.es\/ca\/wp-json\/wp\/v2\/pages\/10\/revisions\/2985"}],"wp:attachment":[{"href":"https:\/\/renovaciondecarnet.es\/ca\/wp-json\/wp\/v2\/media?parent=10"}],"curies":[{"name":"wp","href":"https:\/\/api.w.org\/{rel}","templated":true}]}}